{"id":370,"date":"2025-04-07T21:56:38","date_gmt":"2025-04-07T21:56:38","guid":{"rendered":"https:\/\/pistacuenca.com\/?page_id=370"},"modified":"2025-04-16T18:00:09","modified_gmt":"2025-04-16T18:00:09","slug":"aviso-legal","status":"publish","type":"page","link":"https:\/\/pistacuenca.com\/en\/aviso-legal\/","title":{"rendered":"Aviso legal"},"content":{"rendered":"<div data-elementor-type=\"wp-page\" data-elementor-id=\"370\" class=\"elementor elementor-370\" data-elementor-post-type=\"page\">\n\t\t\t\t<div class=\"elementor-element elementor-element-0b8c5f1 e-flex e-con-boxed e-con e-parent\" data-id=\"0b8c5f1\" data-element_type=\"container\" data-e-type=\"container\">\n\t\t\t\t\t<div class=\"e-con-inner\">\n\t\t\t\t<div class=\"elementor-element elementor-element-0a807a5 elementor-widget elementor-widget-spacer\" data-id=\"0a807a5\" data-element_type=\"widget\" data-e-type=\"widget\" data-widget_type=\"spacer.default\">\n\t\t\t\t<div class=\"elementor-widget-container\">\n\t\t\t\t\t\t\t<div class=\"elementor-spacer\">\n\t\t\t<div class=\"elementor-spacer-inner\"><\/div>\n\t\t<\/div>\n\t\t\t\t\t\t<\/div>\n\t\t\t\t<\/div>\n\t\t\t\t<div class=\"elementor-element elementor-element-7dafc8f elementor-widget elementor-widget-heading\" data-id=\"7dafc8f\" data-element_type=\"widget\" data-e-type=\"widget\" data-widget_type=\"heading.default\">\n\t\t\t\t<div class=\"elementor-widget-container\">\n\t\t\t\t\t<h2 class=\"elementor-heading-title elementor-size-default\">Aviso legal<\/h2>\t\t\t\t<\/div>\n\t\t\t\t<\/div>\n\t\t\t\t<div class=\"elementor-element elementor-element-8fe2a5f elementor-widget elementor-widget-spacer\" data-id=\"8fe2a5f\" data-element_type=\"widget\" data-e-type=\"widget\" data-widget_type=\"spacer.default\">\n\t\t\t\t<div class=\"elementor-widget-container\">\n\t\t\t\t\t\t\t<div class=\"elementor-spacer\">\n\t\t\t<div class=\"elementor-spacer-inner\"><\/div>\n\t\t<\/div>\n\t\t\t\t\t\t<\/div>\n\t\t\t\t<\/div>\n\t\t\t\t<div class=\"elementor-element elementor-element-eaf3823 elementor-widget elementor-widget-text-editor\" data-id=\"eaf3823\" data-element_type=\"widget\" data-e-type=\"widget\" data-widget_type=\"text-editor.default\">\n\t\t\t\t<div class=\"elementor-widget-container\">\n\t\t\t\t\t\t\t\t\t<p class=\"p1\">AVISO LEGAL<\/p><p class=\"p2\">SAT 747 CM PISTACUENCA en adelante LA EMPRESA y su pagina web www.pistacuenca.com en adelante SITIO WEB, declaran:<\/p><p class=\"p2\">En cumplimiento con el deber de informaci\u00f3n recogido en art\u00edculo 10 de la Ley 34\/2002, de 11 de julio, de Servicios de la Sociedad de la Informaci\u00f3n y del Comercio Electr\u00f3nico (LSSICE), el propietario de la web , le informa de lo siguiente:<\/p><ul class=\"ul1\"><li class=\"li3\"><span class=\"s2\">Denominaci\u00f3n social: SAT 747 CM PISTACUENCA<\/span><\/li><li class=\"li3\"><span class=\"s2\">NIF: <span data-olk-copy-source=\"MessageBody\">V06797070<\/span><\/span><\/li><li class=\"li3\"><span class=\"s2\">Domicilio: Carretera de, C. Hontanaya, km 1, 16415 Villamayor de Santiago, Cuenca, Espa\u00f1a<\/span><\/li><\/ul><p class=\"p2\">Con los l\u00edmites establecidos en la ley, LA EMPRESA no asume ninguna responsabilidad derivada de la falta de veracidad, integridad, actualizaci\u00f3n y precisi\u00f3n de los datos o informaciones que contienen sus p\u00e1ginas web.<\/p><p class=\"p2\">Los contenidos e informaci\u00f3n no vinculan a LA EMPRESA ni constituyen opiniones, consejos o asesoramiento legal de ning\u00fan tipo pues se trata meramente de un servicio ofrecido con car\u00e1cter informativo y divulgativo.<\/p><p class=\"p2\">Las p\u00e1ginas de Internet de LA EMPRESA pueden contener enlaces (links) a otras p\u00e1ginas de terceras partes que LA EMPRESA no puede controlar. Por lo tanto, LA EMPRESA no puede asumir responsabilidades por el contenido que pueda aparecer en p\u00e1ginas de terceros.<\/p><p class=\"p2\">Los textos, im\u00e1genes, sonidos, animaciones, software y el resto de contenidos incluidos en este website son propiedad exclusiva de LA EMPRESA o sus licenciantes. Cualquier acto de transmisi\u00f3n, distribuci\u00f3n, cesi\u00f3n, reproducci\u00f3n, almacenamiento o comunicaci\u00f3n p\u00fablica total o parcial, deber\u00e1 contar con el consentimiento expreso de LA EMPRESA .<\/p><p class=\"p2\">Asimismo, para acceder a algunos de los servicios que LA EMPRESA ofrece a trav\u00e9s del sitio web, deber\u00e1 proporcionar algunos datos de car\u00e1cter personal. En cumplimiento de lo establecido en el Reglamento (UE) 2016\/679 del Parlamento Europeo y del Consejo, de 27 de abril de 2016, relativo a la protecci\u00f3n de las personas f\u00edsicas en lo que respecta al tratamiento de datos personales y a la libre circulaci\u00f3n de estos datos le informamos que, mediante la cumplimentaci\u00f3n de los presentes formularios, sus datos personales quedar\u00e1n incorporados y ser\u00e1n tratados en los ficheros de LA EMPRESA con el fin de poderle prestar y ofrecer nuestros servicios as\u00ed como para informarle de las mejoras del sitio Web.<\/p><p class=\"p5\">Le informamos tambi\u00e9n de que tendr\u00e1 la posibilidad en todo momento de ejercer los derechos de acceso, rectificaci\u00f3n, cancelaci\u00f3n, oposici\u00f3n, limitaci\u00f3n y portabilidad de sus datos de car\u00e1cter personal, de manera gratuita mediante email a: info@pistacuenca.com o en la direcci\u00f3n: Carretera de, C. Hontanaya, km 1, 16415 Villamayor de Santiago, Cuenca<\/p><p class=\"p6\">REV: 20.3009<\/p>\t\t\t\t\t\t\t\t<\/div>\n\t\t\t\t<\/div>\n\t\t\t\t<div class=\"elementor-element elementor-element-d4dc836 elementor-widget elementor-widget-spacer\" data-id=\"d4dc836\" data-element_type=\"widget\" data-e-type=\"widget\" data-widget_type=\"spacer.default\">\n\t\t\t\t<div class=\"elementor-widget-container\">\n\t\t\t\t\t\t\t<div class=\"elementor-spacer\">\n\t\t\t<div class=\"elementor-spacer-inner\"><\/div>\n\t\t<\/div>\n\t\t\t\t\t\t<\/div>\n\t\t\t\t<\/div>\n\t\t\t\t\t<\/div>\n\t\t\t\t<\/div>\n\t\t\t\t<\/div>","protected":false},"excerpt":{"rendered":"<p>Aviso legal AVISO LEGAL SAT 747 CM PISTACUENCA en adelante LA EMPRESA y su pagina web www.pistacuenca.com en adelante SITIO WEB, declaran: En cumplimiento con el deber de informaci\u00f3n recogido en art\u00edculo 10 de la Ley 34\/2002, de 11 de julio, de Servicios de la Sociedad de la Informaci\u00f3n y del Comercio Electr\u00f3nico (LSSICE), el [&hellip;]<\/p>\n","protected":false},"author":1,"featured_media":0,"parent":0,"menu_order":0,"comment_status":"closed","ping_status":"closed","template":"","meta":{"footnotes":""},"class_list":["post-370","page","type-page","status-publish","hentry"],"yoast_head":"<!-- This site is optimized with the Yoast SEO plugin v27.1.1 - https:\/\/yoast.com\/product\/yoast-seo-wordpress\/ -->\n<title>Aviso legal - pistacuenca<\/title>\n<meta name=\"robots\" content=\"index, follow, max-snippet:-1, max-image-preview:large, max-video-preview:-1\" \/>\n<link rel=\"canonical\" href=\"https:\/\/pistacuenca.com\/en\/aviso-legal\/\" \/>\n<meta property=\"og:locale\" content=\"en_GB\" \/>\n<meta property=\"og:type\" content=\"article\" \/>\n<meta property=\"og:title\" content=\"Aviso legal - pistacuenca\" \/>\n<meta property=\"og:description\" content=\"Aviso legal AVISO LEGAL SAT 747 CM PISTACUENCA en adelante LA EMPRESA y su pagina web www.pistacuenca.com en adelante SITIO WEB, declaran: En cumplimiento con el deber de informaci\u00f3n recogido en art\u00edculo 10 de la Ley 34\/2002, de 11 de julio, de Servicios de la Sociedad de la Informaci\u00f3n y del Comercio Electr\u00f3nico (LSSICE), el [&hellip;]\" \/>\n<meta property=\"og:url\" content=\"https:\/\/pistacuenca.com\/en\/aviso-legal\/\" \/>\n<meta property=\"og:site_name\" content=\"pistacuenca\" \/>\n<meta property=\"article:publisher\" content=\"https:\/\/www.facebook.com\/pistacuenca\/about\/\" \/>\n<meta property=\"article:modified_time\" content=\"2025-04-16T18:00:09+00:00\" \/>\n<meta name=\"twitter:card\" content=\"summary_large_image\" \/>\n<meta name=\"twitter:site\" content=\"@pistacuenca\" \/>\n<meta name=\"twitter:label1\" content=\"Estimated reading time\" \/>\n\t<meta name=\"twitter:data1\" content=\"2 minutes\" \/>\n<script type=\"application\/ld+json\" class=\"yoast-schema-graph\">{\"@context\":\"https:\/\/schema.org\",\"@graph\":[{\"@type\":\"WebPage\",\"@id\":\"https:\/\/pistacuenca.com\/aviso-legal\/\",\"url\":\"https:\/\/pistacuenca.com\/aviso-legal\/\",\"name\":\"Aviso legal - pistacuenca\",\"isPartOf\":{\"@id\":\"https:\/\/pistacuenca.com\/#website\"},\"datePublished\":\"2025-04-07T21:56:38+00:00\",\"dateModified\":\"2025-04-16T18:00:09+00:00\",\"breadcrumb\":{\"@id\":\"https:\/\/pistacuenca.com\/aviso-legal\/#breadcrumb\"},\"inLanguage\":\"en-GB\",\"potentialAction\":[{\"@type\":\"ReadAction\",\"target\":[\"https:\/\/pistacuenca.com\/aviso-legal\/\"]}]},{\"@type\":\"BreadcrumbList\",\"@id\":\"https:\/\/pistacuenca.com\/aviso-legal\/#breadcrumb\",\"itemListElement\":[{\"@type\":\"ListItem\",\"position\":1,\"name\":\"Portada\",\"item\":\"https:\/\/pistacuenca.com\/\"},{\"@type\":\"ListItem\",\"position\":2,\"name\":\"Aviso legal\"}]},{\"@type\":\"WebSite\",\"@id\":\"https:\/\/pistacuenca.com\/#website\",\"url\":\"https:\/\/pistacuenca.com\/\",\"name\":\"pistacuenca\",\"description\":\"\",\"publisher\":{\"@id\":\"https:\/\/pistacuenca.com\/#organization\"},\"potentialAction\":[{\"@type\":\"SearchAction\",\"target\":{\"@type\":\"EntryPoint\",\"urlTemplate\":\"https:\/\/pistacuenca.com\/?s={search_term_string}\"},\"query-input\":{\"@type\":\"PropertyValueSpecification\",\"valueRequired\":true,\"valueName\":\"search_term_string\"}}],\"inLanguage\":\"en-GB\"},{\"@type\":\"Organization\",\"@id\":\"https:\/\/pistacuenca.com\/#organization\",\"name\":\"pistacuenca\",\"url\":\"https:\/\/pistacuenca.com\/\",\"logo\":{\"@type\":\"ImageObject\",\"inLanguage\":\"en-GB\",\"@id\":\"https:\/\/pistacuenca.com\/#\/schema\/logo\/image\/\",\"url\":\"https:\/\/pistacuenca.com\/wp-content\/uploads\/2025\/03\/download.jpeg\",\"contentUrl\":\"https:\/\/pistacuenca.com\/wp-content\/uploads\/2025\/03\/download.jpeg\",\"width\":992,\"height\":227,\"caption\":\"pistacuenca\"},\"image\":{\"@id\":\"https:\/\/pistacuenca.com\/#\/schema\/logo\/image\/\"},\"sameAs\":[\"https:\/\/www.facebook.com\/pistacuenca\/about\/\",\"https:\/\/x.com\/pistacuenca\",\"https:\/\/www.instagram.com\/pistacuenca\/\"]}]}<\/script>\n<!-- \/ Yoast SEO plugin. -->","yoast_head_json":{"title":"Aviso legal - pistacuenca","robots":{"index":"index","follow":"follow","max-snippet":"max-snippet:-1","max-image-preview":"max-image-preview:large","max-video-preview":"max-video-preview:-1"},"canonical":"https:\/\/pistacuenca.com\/en\/aviso-legal\/","og_locale":"en_GB","og_type":"article","og_title":"Aviso legal - pistacuenca","og_description":"Aviso legal AVISO LEGAL SAT 747 CM PISTACUENCA en adelante LA EMPRESA y su pagina web www.pistacuenca.com en adelante SITIO WEB, declaran: En cumplimiento con el deber de informaci\u00f3n recogido en art\u00edculo 10 de la Ley 34\/2002, de 11 de julio, de Servicios de la Sociedad de la Informaci\u00f3n y del Comercio Electr\u00f3nico (LSSICE), el [&hellip;]","og_url":"https:\/\/pistacuenca.com\/en\/aviso-legal\/","og_site_name":"pistacuenca","article_publisher":"https:\/\/www.facebook.com\/pistacuenca\/about\/","article_modified_time":"2025-04-16T18:00:09+00:00","twitter_card":"summary_large_image","twitter_site":"@pistacuenca","twitter_misc":{"Estimated reading time":"2 minutes"},"schema":{"@context":"https:\/\/schema.org","@graph":[{"@type":"WebPage","@id":"https:\/\/pistacuenca.com\/aviso-legal\/","url":"https:\/\/pistacuenca.com\/aviso-legal\/","name":"Aviso legal - pistacuenca","isPartOf":{"@id":"https:\/\/pistacuenca.com\/#website"},"datePublished":"2025-04-07T21:56:38+00:00","dateModified":"2025-04-16T18:00:09+00:00","breadcrumb":{"@id":"https:\/\/pistacuenca.com\/aviso-legal\/#breadcrumb"},"inLanguage":"en-GB","potentialAction":[{"@type":"ReadAction","target":["https:\/\/pistacuenca.com\/aviso-legal\/"]}]},{"@type":"BreadcrumbList","@id":"https:\/\/pistacuenca.com\/aviso-legal\/#breadcrumb","itemListElement":[{"@type":"ListItem","position":1,"name":"Portada","item":"https:\/\/pistacuenca.com\/"},{"@type":"ListItem","position":2,"name":"Aviso legal"}]},{"@type":"WebSite","@id":"https:\/\/pistacuenca.com\/#website","url":"https:\/\/pistacuenca.com\/","name":"pistacuenca","description":"","publisher":{"@id":"https:\/\/pistacuenca.com\/#organization"},"potentialAction":[{"@type":"SearchAction","target":{"@type":"EntryPoint","urlTemplate":"https:\/\/pistacuenca.com\/?s={search_term_string}"},"query-input":{"@type":"PropertyValueSpecification","valueRequired":true,"valueName":"search_term_string"}}],"inLanguage":"en-GB"},{"@type":"Organization","@id":"https:\/\/pistacuenca.com\/#organization","name":"pistacuenca","url":"https:\/\/pistacuenca.com\/","logo":{"@type":"ImageObject","inLanguage":"en-GB","@id":"https:\/\/pistacuenca.com\/#\/schema\/logo\/image\/","url":"https:\/\/pistacuenca.com\/wp-content\/uploads\/2025\/03\/download.jpeg","contentUrl":"https:\/\/pistacuenca.com\/wp-content\/uploads\/2025\/03\/download.jpeg","width":992,"height":227,"caption":"pistacuenca"},"image":{"@id":"https:\/\/pistacuenca.com\/#\/schema\/logo\/image\/"},"sameAs":["https:\/\/www.facebook.com\/pistacuenca\/about\/","https:\/\/x.com\/pistacuenca","https:\/\/www.instagram.com\/pistacuenca\/"]}]}},"_links":{"self":[{"href":"https:\/\/pistacuenca.com\/en\/wp-json\/wp\/v2\/pages\/370","targetHints":{"allow":["GET"]}}],"collection":[{"href":"https:\/\/pistacuenca.com\/en\/wp-json\/wp\/v2\/pages"}],"about":[{"href":"https:\/\/pistacuenca.com\/en\/wp-json\/wp\/v2\/types\/page"}],"author":[{"embeddable":true,"href":"https:\/\/pistacuenca.com\/en\/wp-json\/wp\/v2\/users\/1"}],"replies":[{"embeddable":true,"href":"https:\/\/pistacuenca.com\/en\/wp-json\/wp\/v2\/comments?post=370"}],"version-history":[{"count":7,"href":"https:\/\/pistacuenca.com\/en\/wp-json\/wp\/v2\/pages\/370\/revisions"}],"predecessor-version":[{"id":532,"href":"https:\/\/pistacuenca.com\/en\/wp-json\/wp\/v2\/pages\/370\/revisions\/532"}],"wp:attachment":[{"href":"https:\/\/pistacuenca.com\/en\/wp-json\/wp\/v2\/media?parent=370"}],"curies":[{"name":"wp","href":"https:\/\/api.w.org\/{rel}","templated":true}]}}